{"id":4907,"date":"2022-05-09T21:07:21","date_gmt":"2022-05-09T21:07:21","guid":{"rendered":"https:\/\/vaniatafur.pe\/wp\/?post_type=product&#038;p=4907"},"modified":"2022-07-07T00:06:30","modified_gmt":"2022-07-07T00:06:30","slug":"chompon-un-dia-x-vez","status":"publish","type":"product","link":"https:\/\/vaniatafur.pe\/wp\/product\/chompon-un-dia-x-vez\/","title":{"rendered":"CHOMP\u00d3N UN DIA X VEZ"},"content":{"rendered":"","protected":false},"excerpt":{"rendered":"<p>\u201cUn dia x Vez\u201d es nuestra chompa ic\u00f3nica reinterpretada en su versi\u00f3n chomp\u00f3n para este invierno. Ligeramente oversized, el cuello chunky y los pu\u00f1os altos le dan todo el poder. Es una pieza tejida en jacqard, abrigador y s\u00faper suave. El print ha sido elaborado en base a un te\u00f1ido artesanal hecho por nuestra Directora. Esta es una de las pocas unidades que existen. <\/p>\n<p>Cantidades y colores limitados disponibles**  <\/p>\n<p>Industria Circular:   <\/p>\n<p>Este es un producto de la l\u00ednea #proyectoupcycled. Todos los materiales que intervienen en la fabricaci\u00f3n de esta pieza es hilado elaborado con una mezcla de algod\u00f3n tanguis y fibra PET, elaborada a base de poli\u00e9ster reciclado. <\/p>\n<p>Recomendaciones de cuidado y Fit:  <\/p>\n<p>Lavar en ciclo suave con agua fr\u00eda. No utilizar blanqueadores ni m\u00e1quina de secado. Las tallas de este producto son  S-M-L.<\/p>\n","protected":false},"featured_media":4916,"template":"","meta":{"_monsterinsights_skip_tracking":false,"_monsterinsights_sitenote_active":false,"_monsterinsights_sitenote_note":"","_monsterinsights_sitenote_category":0},"product_cat":[113,180,123,118,111,112,125,114],"product_tag":[],"class_list":["post-4907","product","type-product","status-publish","has-post-thumbnail","hentry","product_cat-fit","product_cat-mental","product_cat-mujer","product_cat-partes-altas","product_cat-por-coleccion","product_cat-por-tipologia","product_cat-produccion","product_cat-tipo-de-venta"],"_links":{"self":[{"href":"https:\/\/vaniatafur.pe\/wp\/wp-json\/wp\/v2\/product\/4907","targetHints":{"allow":["GET"]}}],"collection":[{"href":"https:\/\/vaniatafur.pe\/wp\/wp-json\/wp\/v2\/product"}],"about":[{"href":"https:\/\/vaniatafur.pe\/wp\/wp-json\/wp\/v2\/types\/product"}],"wp:featuredmedia":[{"embeddable":true,"href":"https:\/\/vaniatafur.pe\/wp\/wp-json\/wp\/v2\/media\/4916"}],"wp:attachment":[{"href":"https:\/\/vaniatafur.pe\/wp\/wp-json\/wp\/v2\/media?parent=4907"}],"wp:term":[{"taxonomy":"product_cat","embeddable":true,"href":"https:\/\/vaniatafur.pe\/wp\/wp-json\/wp\/v2\/product_cat?post=4907"},{"taxonomy":"product_tag","embeddable":true,"href":"https:\/\/vaniatafur.pe\/wp\/wp-json\/wp\/v2\/product_tag?post=4907"}],"curies":[{"name":"wp","href":"https:\/\/api.w.org\/{rel}","templated":true}]}}